{"id":5057,"date":"2024-04-15T15:50:05","date_gmt":"2024-04-15T13:50:05","guid":{"rendered":"https:\/\/masermic.com\/diseno-y-fabricacion\/"},"modified":"2024-06-10T15:53:50","modified_gmt":"2024-06-10T13:53:50","slug":"design-and-manufacturing","status":"publish","type":"page","link":"https:\/\/masermic.com\/en\/design-and-manufacturing\/","title":{"rendered":"Design and Manufacturing"},"content":{"rendered":"<p><div class=\"fusion-fullwidth fullwidth-box fusion-builder-row-1 fusion-flex-container has-pattern-background has-mask-background nonhundred-percent-fullwidth non-hundred-percent-height-scrolling\" style=\"--awb-border-radius-top-left:0px;--awb-border-radius-top-right:0px;--awb-border-radius-bottom-right:0px;--awb-border-radius-bottom-left:0px;--awb-margin-top:60px;--awb-flex-wrap:wrap;\" ><div class=\"fusion-builder-row fusion-row fusion-flex-align-items-flex-start fusion-flex-content-wrap\" style=\"max-width:1372.8px;margin-left: calc(-4% \/ 2 );margin-right: calc(-4% \/ 2 );\"><div class=\"fusion-layout-column fusion_builder_column fusion-builder-column-0 fusion_builder_column_1_2 1_2 fusion-flex-column\" style=\"--awb-bg-size:cover;--awb-transform:translateX(0px);--awb-transform-hover:translateX(15px);--awb-width-large:50%;--awb-margin-top-large:0px;--awb-spacing-right-large:3.84%;--awb-margin-bottom-large:0px;--awb-spacing-left-large:3.84%;--awb-width-medium:50%;--awb-order-medium:0;--awb-spacing-right-medium:3.84%;--awb-spacing-left-medium:3.84%;--awb-width-small:100%;--awb-order-small:2;--awb-spacing-right-small:1.92%;--awb-spacing-left-small:1.92%;\"><div class=\"fusion-column-wrapper fusion-column-has-shadow fusion-flex-justify-content-flex-start fusion-content-layout-column\"><div class=\"fusion-image-element \" style=\"--awb-aspect-ratio: 100 \/ 90;--awb-object-position:52% 22%;--awb-caption-title-color:hsla(var(--awb-color1-h),var(--awb-color1-s),var(--awb-color1-l),calc(var(--awb-color1-a) - 100%));--awb-caption-overlay-color:hsla(var(--awb-color1-h),var(--awb-color1-s),calc(var(--awb-color1-l) - 100%),calc(var(--awb-color1-a) - 50%));--awb-caption-title-font-family:var(--h2_typography-font-family);--awb-caption-title-font-weight:var(--h2_typography-font-weight);--awb-caption-title-font-style:var(--h2_typography-font-style);--awb-caption-title-size:var(--h2_typography-font-size);--awb-caption-title-transform:var(--h2_typography-text-transform);--awb-caption-title-line-height:var(--h2_typography-line-height);--awb-caption-title-letter-spacing:var(--h2_typography-letter-spacing);\"><span class=\" fusion-imageframe imageframe-none imageframe-1 hover-type-none has-aspect-ratio\" style=\"border-radius:0px 0px 50px 0px;\"><img decoding=\"async\" width=\"1024\" height=\"543\" src=\"https:\/\/masermic.com\/wp-content\/uploads\/diseno-y-fabricacion.jpg\" data-orig-src=\"https:\/\/masermic.com\/wp-content\/uploads\/diseno-y-fabricacion.jpg\" class=\"lazyload img-responsive wp-image-5016 img-with-aspect-ratio\" data-parent-fit=\"cover\" data-parent-container=\".fusion-image-element\" alt srcset=\"data:image\/svg+xml,%3Csvg%20xmlns%3D%27http%3A%2F%2Fwww.w3.org%2F2000%2Fsvg%27%20width%3D%271024%27%20height%3D%27543%27%20viewBox%3D%270%200%201024%20543%27%3E%3Crect%20width%3D%271024%27%20height%3D%27543%27%20fill-opacity%3D%220%22%2F%3E%3C%2Fsvg%3E\" data-srcset=\"https:\/\/masermic.com\/wp-content\/uploads\/diseno-y-fabricacion-200x106.jpg 200w, https:\/\/masermic.com\/wp-content\/uploads\/diseno-y-fabricacion-400x212.jpg 400w, https:\/\/masermic.com\/wp-content\/uploads\/diseno-y-fabricacion-600x318.jpg 600w, https:\/\/masermic.com\/wp-content\/uploads\/diseno-y-fabricacion-800x424.jpg 800w, https:\/\/masermic.com\/wp-content\/uploads\/diseno-y-fabricacion.jpg 1024w\" data-sizes=\"auto\" data-orig-sizes=\"(max-width: 850px) 100vw, 800px\" \/><\/span><\/div><\/div><\/div><div class=\"fusion-layout-column fusion_builder_column fusion-builder-column-1 fusion_builder_column_1_2 1_2 fusion-flex-column fusion-flex-align-self-center\" style=\"--awb-padding-left:50px;--awb-padding-right-small:0px;--awb-padding-left-small:0px;--awb-bg-size:cover;--awb-width-large:50%;--awb-margin-top-large:0px;--awb-spacing-right-large:3.84%;--awb-margin-bottom-large:0px;--awb-spacing-left-large:3.84%;--awb-width-medium:50%;--awb-order-medium:0;--awb-spacing-right-medium:3.84%;--awb-spacing-left-medium:3.84%;--awb-width-small:100%;--awb-order-small:1;--awb-spacing-right-small:1.92%;--awb-margin-bottom-small:60px;--awb-spacing-left-small:1.92%;\"><div class=\"fusion-column-wrapper fusion-column-has-shadow fusion-flex-justify-content-flex-start fusion-content-layout-column\"><div class=\"fusion-text fusion-text-1 fusion-text-no-margin\" style=\"--awb-font-size:19px;--awb-text-transform:capitalize;--awb-text-color:var(--awb-color5);--awb-margin-bottom:0px;\"><p>Design &#8211; Manufacturing &#8211; Innovation<\/p>\n<\/div><div class=\"fusion-separator\" style=\"align-self: flex-start;margin-right:auto;width:100%;max-width:320px;\"><div class=\"fusion-separator-border sep-single sep-dotted\" style=\"--awb-height:20px;--awb-amount:20px;--awb-sep-color:var(--awb-color4);border-color:var(--awb-color4);border-top-width:1px;\"><\/div><\/div><div class=\"fusion-title title fusion-title-1 fusion-sep-none fusion-title-text fusion-title-size-two\" style=\"--awb-margin-top:20px;\"><h2 class=\"fusion-title-heading title-heading-left\" style=\"margin:0;text-transform:none;\">Advanced Electronic Systems<\/h2><\/div><div class=\"fusion-text fusion-text-2 fusion-text-no-margin\" style=\"--awb-margin-top:6px;--awb-margin-bottom:30px;\"><p>We have modern and advanced resources for both product development and quality manufacturing, with a highly qualified engineering department and state-of-the-art development tools in communications and embedded systems for the 2 business areas. In these same facilities, there is production capacity to optimize developments in their industrialization phase.<\/p>\n<p>Innovation is a strategic tool for MASERMIC, aiming to generate value for its customers by providing solutions that contribute efficiently, sustainably, and safely to progress. This is why we promote innovation constantly and systematically, through over 30 innovation projects, establishing a culture that stimulates creativity and the transformation of ideas into new products.<\/p>\n<\/div><\/div><\/div><\/div><\/div><div class=\"fusion-fullwidth fullwidth-box fusion-builder-row-2 fusion-flex-container has-pattern-background has-mask-background nonhundred-percent-fullwidth non-hundred-percent-height-scrolling\" style=\"--awb-border-radius-top-left:0px;--awb-border-radius-top-right:0px;--awb-border-radius-bottom-right:0px;--awb-border-radius-bottom-left:0px;--awb-margin-top:80px;--awb-margin-bottom:80px;--awb-flex-wrap:wrap;\" ><div class=\"fusion-builder-row fusion-row fusion-flex-align-items-flex-start fusion-flex-content-wrap\" style=\"max-width:1372.8px;margin-left: calc(-4% \/ 2 );margin-right: calc(-4% \/ 2 );\"><div class=\"fusion-layout-column fusion_builder_column fusion-builder-column-2 fusion_builder_column_1_2 1_2 fusion-flex-column\" style=\"--awb-padding-top:60px;--awb-padding-right:60px;--awb-padding-bottom:65px;--awb-padding-left:60px;--awb-overflow:hidden;--awb-bg-color:hsla(calc(var(--awb-color2-h) + 90),var(--awb-color2-s),var(--awb-color2-l),var(--awb-color2-a));--awb-bg-color-hover:hsla(calc(var(--awb-color2-h) + 90),var(--awb-color2-s),var(--awb-color2-l),var(--awb-color2-a));--awb-bg-size:cover;--awb-border-radius:0px 0px 0px 25px;--awb-width-large:50%;--awb-margin-top-large:0px;--awb-spacing-right-large:3.84%;--awb-margin-bottom-large:0px;--awb-spacing-left-large:3.84%;--awb-width-medium:50%;--awb-order-medium:0;--awb-spacing-right-medium:3.84%;--awb-spacing-left-medium:3.84%;--awb-width-small:100%;--awb-order-small:0;--awb-spacing-right-small:1.92%;--awb-margin-bottom-small:40px;--awb-spacing-left-small:1.92%;\" data-scroll-devices=\"medium-visibility,large-visibility\"><div class=\"fusion-column-wrapper fusion-column-has-shadow fusion-flex-justify-content-flex-start fusion-content-layout-column\"><div class=\"fusion-title title fusion-title-2 fusion-sep-none fusion-title-center fusion-title-text fusion-title-size-three\" style=\"--awb-margin-top:0px;\"><h3 class=\"fusion-title-heading title-heading-center\" style=\"margin:0;\">Design<\/h3><\/div><div class=\"fusion-image-element \" style=\"--awb-aspect-ratio: 100 \/ 45;--awb-object-position:52% 17%;--awb-margin-top:20px;--awb-margin-bottom:40px;--awb-caption-title-color:hsla(var(--awb-color1-h),var(--awb-color1-s),var(--awb-color1-l),calc(var(--awb-color1-a) - 100%));--awb-caption-overlay-color:hsla(var(--awb-color8-h),var(--awb-color8-s),var(--awb-color8-l),calc(var(--awb-color8-a) - 50%));--awb-caption-title-font-family:var(--body_typography-font-family);--awb-caption-title-font-weight:var(--body_typography-font-weight);--awb-caption-title-font-style:var(--body_typography-font-style);--awb-caption-title-size:0px;--awb-caption-title-transform:var(--body_typography-text-transform);--awb-caption-title-line-height:var(--body_typography-line-height);--awb-caption-title-letter-spacing:var(--body_typography-letter-spacing);\"><span class=\" fusion-imageframe imageframe-none imageframe-2 hover-type-zoomin has-aspect-ratio\" style=\"border-radius:10px;\"><img decoding=\"async\" width=\"1024\" height=\"543\" src=\"https:\/\/masermic.com\/wp-content\/uploads\/diseno.jpg\" data-orig-src=\"https:\/\/masermic.com\/wp-content\/uploads\/diseno.jpg\" class=\"lazyload img-responsive wp-image-5015 img-with-aspect-ratio\" data-parent-fit=\"cover\" data-parent-container=\".fusion-image-element\" alt srcset=\"data:image\/svg+xml,%3Csvg%20xmlns%3D%27http%3A%2F%2Fwww.w3.org%2F2000%2Fsvg%27%20width%3D%271024%27%20height%3D%27543%27%20viewBox%3D%270%200%201024%20543%27%3E%3Crect%20width%3D%271024%27%20height%3D%27543%27%20fill-opacity%3D%220%22%2F%3E%3C%2Fsvg%3E\" data-srcset=\"https:\/\/masermic.com\/wp-content\/uploads\/diseno-200x106.jpg 200w, https:\/\/masermic.com\/wp-content\/uploads\/diseno-400x212.jpg 400w, https:\/\/masermic.com\/wp-content\/uploads\/diseno-600x318.jpg 600w, https:\/\/masermic.com\/wp-content\/uploads\/diseno-800x424.jpg 800w, https:\/\/masermic.com\/wp-content\/uploads\/diseno.jpg 1024w\" data-sizes=\"auto\" data-orig-sizes=\"(max-width: 850px) 100vw, 600px\" \/><\/span><\/div><div class=\"fusion-text fusion-text-3\" style=\"--awb-content-alignment:center;\"><p>MASERMIC is a technology-based company whose R&amp;D activity plays a significant role in the company&#8217;s strategy as a lever for competitive and sustainable development of its activities in the international context.<\/p>\n<\/div><div style=\"text-align:center;\"><a class=\"fusion-button button-flat fusion-button-default-size button-custom fusion-button-default button-1 fusion-button-default-span fusion-button-default-type\" style=\"--button_bevel_color:var(--awb-color5);--button_bevel_color_hover:var(--awb-color8);--button_accent_color:var(--awb-color1);--button_border_color:var(--awb-color5);--button_accent_hover_color:var(--awb-color1);--button_border_hover_color:var(--awb-color6);--button_border_width-top:2px;--button_border_width-right:2px;--button_border_width-bottom:2px;--button_border_width-left:2px;--button_gradient_top_color:var(--awb-color5);--button_gradient_bottom_color:var(--awb-color5);--button_gradient_top_color_hover:var(--awb-color6);--button_gradient_bottom_color_hover:var(--awb-color6);--button_text_transform:var(--awb-typography3-text-transform);--button_font_size:var(--awb-typography3-font-size);--button_line_height:var(--awb-typography3-line-height);--button_padding-top:20px;--button_padding-right:40px;--button_padding-bottom:20px;--button_padding-left:40px;--button_typography-letter-spacing:var(--awb-typography3-letter-spacing);--button_typography-font-family:var(--awb-typography3-font-family);--button_typography-font-weight:var(--awb-typography3-font-weight);--button_typography-font-style:var(--awb-typography3-font-style);--button_margin-top:20px;\" target=\"_self\" href=\"https:\/\/masermic.com\/en\/design-and-manufacturing\/design\/\"><span class=\"fusion-button-text awb-button__text awb-button__text--default\">more info<\/span><i class=\"awb-business-long-arrow-alt-right-solid awb-button__icon awb-button__icon--default button-icon-right\" aria-hidden=\"true\"><\/i><\/a><\/div><\/div><\/div><div class=\"fusion-layout-column fusion_builder_column fusion-builder-column-3 fusion_builder_column_1_2 1_2 fusion-flex-column\" style=\"--awb-padding-top:60px;--awb-padding-right:60px;--awb-padding-bottom:65px;--awb-padding-left:60px;--awb-overflow:hidden;--awb-bg-color:hsla(calc(var(--awb-color2-h) + 215),var(--awb-color2-s),var(--awb-color2-l),var(--awb-color2-a));--awb-bg-color-hover:hsla(calc(var(--awb-color2-h) + 215),var(--awb-color2-s),var(--awb-color2-l),var(--awb-color2-a));--awb-bg-size:cover;--awb-border-radius:0px 0px 0px 25px;--awb-width-large:50%;--awb-margin-top-large:0px;--awb-spacing-right-large:3.84%;--awb-margin-bottom-large:0px;--awb-spacing-left-large:3.84%;--awb-width-medium:50%;--awb-order-medium:0;--awb-spacing-right-medium:3.84%;--awb-spacing-left-medium:3.84%;--awb-width-small:100%;--awb-order-small:0;--awb-spacing-right-small:1.92%;--awb-spacing-left-small:1.92%;\" data-scroll-devices=\"small-visibility,medium-visibility,large-visibility\"><div class=\"fusion-column-wrapper fusion-column-has-shadow fusion-flex-justify-content-flex-start fusion-content-layout-column\"><div class=\"fusion-title title fusion-title-3 fusion-sep-none fusion-title-center fusion-title-text fusion-title-size-three\" style=\"--awb-margin-top:0px;\"><h3 class=\"fusion-title-heading title-heading-center\" style=\"margin:0;\">Manufacturing<\/h3><\/div><div class=\"fusion-image-element \" style=\"--awb-aspect-ratio: 100 \/ 45;--awb-object-position:52% 17%;--awb-margin-top:20px;--awb-margin-bottom:40px;--awb-caption-title-font-family:var(--h2_typography-font-family);--awb-caption-title-font-weight:var(--h2_typography-font-weight);--awb-caption-title-font-style:var(--h2_typography-font-style);--awb-caption-title-size:var(--h2_typography-font-size);--awb-caption-title-transform:var(--h2_typography-text-transform);--awb-caption-title-line-height:var(--h2_typography-line-height);--awb-caption-title-letter-spacing:var(--h2_typography-letter-spacing);\"><span class=\" fusion-imageframe imageframe-none imageframe-3 hover-type-zoomin has-aspect-ratio\" style=\"border-radius:10px;\"><img decoding=\"async\" width=\"1024\" height=\"543\" src=\"https:\/\/masermic.com\/wp-content\/uploads\/fabricacion-1.jpg\" data-orig-src=\"https:\/\/masermic.com\/wp-content\/uploads\/fabricacion-1.jpg\" class=\"lazyload img-responsive wp-image-5014 img-with-aspect-ratio\" data-parent-fit=\"cover\" data-parent-container=\".fusion-image-element\" alt srcset=\"data:image\/svg+xml,%3Csvg%20xmlns%3D%27http%3A%2F%2Fwww.w3.org%2F2000%2Fsvg%27%20width%3D%271024%27%20height%3D%27543%27%20viewBox%3D%270%200%201024%20543%27%3E%3Crect%20width%3D%271024%27%20height%3D%27543%27%20fill-opacity%3D%220%22%2F%3E%3C%2Fsvg%3E\" data-srcset=\"https:\/\/masermic.com\/wp-content\/uploads\/fabricacion-1-200x106.jpg 200w, https:\/\/masermic.com\/wp-content\/uploads\/fabricacion-1-400x212.jpg 400w, https:\/\/masermic.com\/wp-content\/uploads\/fabricacion-1-600x318.jpg 600w, https:\/\/masermic.com\/wp-content\/uploads\/fabricacion-1-800x424.jpg 800w, https:\/\/masermic.com\/wp-content\/uploads\/fabricacion-1.jpg 1024w\" data-sizes=\"auto\" data-orig-sizes=\"(max-width: 850px) 100vw, 600px\" \/><\/span><\/div><div class=\"fusion-text fusion-text-4\" style=\"--awb-content-alignment:center;\"><p>We manufacture high-value-added electronic and mechatronic products using advanced manufacturing techniques, with a strong commitment to quality. We have modern facilities and advanced tools for the production of electronic and mechatronic products.<\/p>\n<\/div><div style=\"text-align:center;\"><a class=\"fusion-button button-flat fusion-button-default-size button-custom fusion-button-default button-2 fusion-button-default-span fusion-button-default-type\" style=\"--button_bevel_color:var(--awb-color5);--button_bevel_color_hover:var(--awb-color8);--button_accent_color:var(--awb-color1);--button_border_color:var(--awb-color5);--button_accent_hover_color:var(--awb-color1);--button_border_hover_color:var(--awb-color6);--button_border_width-top:2px;--button_border_width-right:2px;--button_border_width-bottom:2px;--button_border_width-left:2px;--button_gradient_top_color:var(--awb-color5);--button_gradient_bottom_color:var(--awb-color5);--button_gradient_top_color_hover:var(--awb-color6);--button_gradient_bottom_color_hover:var(--awb-color6);--button_text_transform:var(--awb-typography3-text-transform);--button_font_size:var(--awb-typography3-font-size);--button_line_height:var(--awb-typography3-line-height);--button_padding-top:20px;--button_padding-right:40px;--button_padding-bottom:20px;--button_padding-left:40px;--button_typography-letter-spacing:var(--awb-typography3-letter-spacing);--button_typography-font-family:var(--awb-typography3-font-family);--button_typography-font-weight:var(--awb-typography3-font-weight);--button_typography-font-style:var(--awb-typography3-font-style);--button_margin-top:20px;\" target=\"_self\" href=\"https:\/\/masermic.com\/en\/design-and-manufacturing\/manufacturing\/\"><span class=\"fusion-button-text awb-button__text awb-button__text--default\">more info<\/span><i class=\"awb-business-long-arrow-alt-right-solid awb-button__icon awb-button__icon--default button-icon-right\" aria-hidden=\"true\"><\/i><\/a><\/div><\/div><\/div><\/div><\/div><\/p>\n","protected":false},"excerpt":{"rendered":"","protected":false},"author":1,"featured_media":0,"parent":0,"menu_order":7,"comment_status":"closed","ping_status":"closed","template":"100-width.php","meta":{"footnotes":""},"class_list":["post-5057","page","type-page","status-publish","hentry"],"yoast_head":"<!-- This site is optimized with the Yoast SEO plugin v26.8 - https:\/\/yoast.com\/product\/yoast-seo-wordpress\/ -->\n<title>Design and Manufacture of Advanced Electronic Systems<\/title>\n<meta name=\"description\" content=\"We have modern and advanced means for both the development of products and the manufacture of Advanced Electronic Systems. We have a highly qualified engineering department with state-of-the-art development means in communications and on-board equipment.\" \/>\n<meta name=\"robots\" content=\"index, follow, max-snippet:-1, max-image-preview:large, max-video-preview:-1\" \/>\n<link rel=\"canonical\" href=\"https:\/\/masermic.com\/en\/design-and-manufacturing\/\" \/>\n<meta property=\"og:locale\" content=\"en_US\" \/>\n<meta property=\"og:type\" content=\"article\" \/>\n<meta property=\"og:title\" content=\"Design and Manufacture of Advanced Electronic Systems\" \/>\n<meta property=\"og:description\" content=\"We have modern and advanced means for both the development of products and the manufacture of Advanced Electronic Systems. We have a highly qualified engineering department with state-of-the-art development means in communications and on-board equipment.\" \/>\n<meta property=\"og:url\" content=\"https:\/\/masermic.com\/en\/design-and-manufacturing\/\" \/>\n<meta property=\"og:site_name\" content=\"Masermic\" \/>\n<meta property=\"article:modified_time\" content=\"2024-06-10T13:53:50+00:00\" \/>\n<meta name=\"twitter:card\" content=\"summary_large_image\" \/>\n<meta name=\"twitter:label1\" content=\"Est. reading time\" \/>\n\t<meta name=\"twitter:data1\" content=\"2 minutes\" \/>\n<script type=\"application\/ld+json\" class=\"yoast-schema-graph\">{\"@context\":\"https:\/\/schema.org\",\"@graph\":[{\"@type\":\"WebPage\",\"@id\":\"https:\/\/masermic.com\/en\/design-and-manufacturing\/\",\"url\":\"https:\/\/masermic.com\/en\/design-and-manufacturing\/\",\"name\":\"Design and Manufacture of Advanced Electronic Systems\",\"isPartOf\":{\"@id\":\"https:\/\/masermic.com\/#website\"},\"datePublished\":\"2024-04-15T13:50:05+00:00\",\"dateModified\":\"2024-06-10T13:53:50+00:00\",\"description\":\"We have modern and advanced means for both the development of products and the manufacture of Advanced Electronic Systems. We have a highly qualified engineering department with state-of-the-art development means in communications and on-board equipment.\",\"breadcrumb\":{\"@id\":\"https:\/\/masermic.com\/en\/design-and-manufacturing\/#breadcrumb\"},\"inLanguage\":\"en-US\",\"potentialAction\":[{\"@type\":\"ReadAction\",\"target\":[\"https:\/\/masermic.com\/en\/design-and-manufacturing\/\"]}]},{\"@type\":\"BreadcrumbList\",\"@id\":\"https:\/\/masermic.com\/en\/design-and-manufacturing\/#breadcrumb\",\"itemListElement\":[{\"@type\":\"ListItem\",\"position\":1,\"name\":\"Portada\",\"item\":\"https:\/\/masermic.com\/en\/\"},{\"@type\":\"ListItem\",\"position\":2,\"name\":\"Design and Manufacturing\"}]},{\"@type\":\"WebSite\",\"@id\":\"https:\/\/masermic.com\/#website\",\"url\":\"https:\/\/masermic.com\/\",\"name\":\"Masermic\",\"description\":\"Tecnolog\u00eda electr\u00f3nica y mecatr\u00f3nica\",\"potentialAction\":[{\"@type\":\"SearchAction\",\"target\":{\"@type\":\"EntryPoint\",\"urlTemplate\":\"https:\/\/masermic.com\/?s={search_term_string}\"},\"query-input\":{\"@type\":\"PropertyValueSpecification\",\"valueRequired\":true,\"valueName\":\"search_term_string\"}}],\"inLanguage\":\"en-US\"}]}<\/script>\n<!-- \/ Yoast SEO plugin. -->","yoast_head_json":{"title":"Design and Manufacture of Advanced Electronic Systems","description":"We have modern and advanced means for both the development of products and the manufacture of Advanced Electronic Systems. We have a highly qualified engineering department with state-of-the-art development means in communications and on-board equipment.","robots":{"index":"index","follow":"follow","max-snippet":"max-snippet:-1","max-image-preview":"max-image-preview:large","max-video-preview":"max-video-preview:-1"},"canonical":"https:\/\/masermic.com\/en\/design-and-manufacturing\/","og_locale":"en_US","og_type":"article","og_title":"Design and Manufacture of Advanced Electronic Systems","og_description":"We have modern and advanced means for both the development of products and the manufacture of Advanced Electronic Systems. We have a highly qualified engineering department with state-of-the-art development means in communications and on-board equipment.","og_url":"https:\/\/masermic.com\/en\/design-and-manufacturing\/","og_site_name":"Masermic","article_modified_time":"2024-06-10T13:53:50+00:00","twitter_card":"summary_large_image","twitter_misc":{"Est. reading time":"2 minutes"},"schema":{"@context":"https:\/\/schema.org","@graph":[{"@type":"WebPage","@id":"https:\/\/masermic.com\/en\/design-and-manufacturing\/","url":"https:\/\/masermic.com\/en\/design-and-manufacturing\/","name":"Design and Manufacture of Advanced Electronic Systems","isPartOf":{"@id":"https:\/\/masermic.com\/#website"},"datePublished":"2024-04-15T13:50:05+00:00","dateModified":"2024-06-10T13:53:50+00:00","description":"We have modern and advanced means for both the development of products and the manufacture of Advanced Electronic Systems. We have a highly qualified engineering department with state-of-the-art development means in communications and on-board equipment.","breadcrumb":{"@id":"https:\/\/masermic.com\/en\/design-and-manufacturing\/#breadcrumb"},"inLanguage":"en-US","potentialAction":[{"@type":"ReadAction","target":["https:\/\/masermic.com\/en\/design-and-manufacturing\/"]}]},{"@type":"BreadcrumbList","@id":"https:\/\/masermic.com\/en\/design-and-manufacturing\/#breadcrumb","itemListElement":[{"@type":"ListItem","position":1,"name":"Portada","item":"https:\/\/masermic.com\/en\/"},{"@type":"ListItem","position":2,"name":"Design and Manufacturing"}]},{"@type":"WebSite","@id":"https:\/\/masermic.com\/#website","url":"https:\/\/masermic.com\/","name":"Masermic","description":"Tecnolog\u00eda electr\u00f3nica y mecatr\u00f3nica","potentialAction":[{"@type":"SearchAction","target":{"@type":"EntryPoint","urlTemplate":"https:\/\/masermic.com\/?s={search_term_string}"},"query-input":{"@type":"PropertyValueSpecification","valueRequired":true,"valueName":"search_term_string"}}],"inLanguage":"en-US"}]}},"_links":{"self":[{"href":"https:\/\/masermic.com\/en\/wp-json\/wp\/v2\/pages\/5057","targetHints":{"allow":["GET"]}}],"collection":[{"href":"https:\/\/masermic.com\/en\/wp-json\/wp\/v2\/pages"}],"about":[{"href":"https:\/\/masermic.com\/en\/wp-json\/wp\/v2\/types\/page"}],"author":[{"embeddable":true,"href":"https:\/\/masermic.com\/en\/wp-json\/wp\/v2\/users\/1"}],"replies":[{"embeddable":true,"href":"https:\/\/masermic.com\/en\/wp-json\/wp\/v2\/comments?post=5057"}],"version-history":[{"count":0,"href":"https:\/\/masermic.com\/en\/wp-json\/wp\/v2\/pages\/5057\/revisions"}],"wp:attachment":[{"href":"https:\/\/masermic.com\/en\/wp-json\/wp\/v2\/media?parent=5057"}],"curies":[{"name":"wp","href":"https:\/\/api.w.org\/{rel}","templated":true}]}}