{"id":5055,"date":"2024-04-12T11:01:33","date_gmt":"2024-04-12T09:01:33","guid":{"rendered":"https:\/\/masermic.com\/empresa-saludable\/"},"modified":"2024-06-10T15:53:11","modified_gmt":"2024-06-10T13:53:11","slug":"healthy-company","status":"publish","type":"page","link":"https:\/\/masermic.com\/en\/healthy-company\/","title":{"rendered":"Healthy Company"},"content":{"rendered":"<div class=\"fusion-fullwidth fullwidth-box fusion-builder-row-1 fusion-flex-container has-pattern-background has-mask-background nonhundred-percent-fullwidth non-hundred-percent-height-scrolling\" style=\"--awb-border-radius-top-left:0px;--awb-border-radius-top-right:0px;--awb-border-radius-bottom-right:0px;--awb-border-radius-bottom-left:0px;--awb-margin-top:50px;--awb-margin-bottom:60px;--awb-flex-wrap:wrap;\" ><div class=\"fusion-builder-row fusion-row fusion-flex-align-items-flex-start fusion-flex-content-wrap\" style=\"max-width:1372.8px;margin-left: calc(-4% \/ 2 );margin-right: calc(-4% \/ 2 );\"><div class=\"fusion-layout-column fusion_builder_column fusion-builder-column-0 fusion_builder_column_1_1 1_1 fusion-flex-column\" style=\"--awb-bg-size:cover;--awb-width-large:100%;--awb-margin-top-large:0px;--awb-spacing-right-large:1.92%;--awb-margin-bottom-large:0px;--awb-spacing-left-large:1.92%;--awb-width-medium:100%;--awb-order-medium:0;--awb-spacing-right-medium:1.92%;--awb-spacing-left-medium:1.92%;--awb-width-small:100%;--awb-order-small:0;--awb-spacing-right-small:1.92%;--awb-spacing-left-small:1.92%;\"><div class=\"fusion-column-wrapper fusion-column-has-shadow fusion-flex-justify-content-flex-start fusion-content-layout-column\"><div class=\"fusion-text fusion-text-1 fusion-text-no-margin\" style=\"--awb-content-alignment:center;--awb-margin-bottom:60px;\"><p>The management of MASERMIC, S.L. is primarily motivated by the comprehensive management of the health of its workforce, considering this as an integrated action in all company policies. Based on the principle that occupational health is not limited to achieving objectives set out in Occupational Risk Prevention Law, MASERMIC, S.L. is committed to achieving this objective for better and more effective protection of the overall health of the individuals under its care.<\/p>\n<p>In 1997, the European Network for Workplace Health Promotion (ENWHP) developed the Luxembourg Declaration, a consensus document that established the basic principles of action and the framework for good management of the health of the workforce in the company.<\/p>\n<\/div><\/div><\/div><div class=\"fusion-layout-column fusion_builder_column fusion-builder-column-1 fusion_builder_column_1_1 1_1 fusion-flex-column\" style=\"--awb-overflow:hidden;--awb-bg-size:cover;--awb-border-radius:0px 0px 0px 50px;--awb-width-large:100%;--awb-margin-top-large:0px;--awb-spacing-right-large:1.92%;--awb-margin-bottom-large:0px;--awb-spacing-left-large:1.92%;--awb-width-medium:100%;--awb-order-medium:0;--awb-spacing-right-medium:1.92%;--awb-spacing-left-medium:1.92%;--awb-width-small:100%;--awb-order-small:0;--awb-spacing-right-small:1.92%;--awb-spacing-left-small:1.92%;\"><div class=\"fusion-column-wrapper fusion-column-has-shadow fusion-flex-justify-content-flex-start fusion-content-layout-column\"><div style=\"text-align:center;\"><a class=\"fusion-button button-flat fusion-button-default-size button-default fusion-button-default button-1 fusion-button-default-span fusion-button-default-type\" style=\"--button_text_transform:none;--button_margin-bottom:40px;\" target=\"_blank\" rel=\"noopener noreferrer\" data-hover=\"icon_slide\" href=\"https:\/\/masermic.com\/wp-content\/uploads\/Declaracion-de-Luxemburgo.pdf\"><span class=\"fusion-button-text awb-button__text awb-button__text--default\">Download the Luxembourg Declaration<\/span><i class=\"fa-file-pdf fas awb-button__icon awb-button__icon--default button-icon-right\" aria-hidden=\"true\"><\/i><\/a><\/div><div class=\"fusion-image-element \" style=\"text-align:center;--awb-caption-title-font-family:var(--h2_typography-font-family);--awb-caption-title-font-weight:var(--h2_typography-font-weight);--awb-caption-title-font-style:var(--h2_typography-font-style);--awb-caption-title-size:var(--h2_typography-font-size);--awb-caption-title-transform:var(--h2_typography-text-transform);--awb-caption-title-line-height:var(--h2_typography-line-height);--awb-caption-title-letter-spacing:var(--h2_typography-letter-spacing);\"><span class=\" fusion-imageframe imageframe-none imageframe-1 hover-type-none\"><img decoding=\"async\" width=\"1022\" height=\"178\" src=\"https:\/\/masermic.com\/wp-content\/uploads\/insst.png\" data-orig-src=\"https:\/\/masermic.com\/wp-content\/uploads\/insst.png\" alt class=\"lazyload img-responsive wp-image-4998\" srcset=\"data:image\/svg+xml,%3Csvg%20xmlns%3D%27http%3A%2F%2Fwww.w3.org%2F2000%2Fsvg%27%20width%3D%271022%27%20height%3D%27178%27%20viewBox%3D%270%200%201022%20178%27%3E%3Crect%20width%3D%271022%27%20height%3D%27178%27%20fill-opacity%3D%220%22%2F%3E%3C%2Fsvg%3E\" data-srcset=\"https:\/\/masermic.com\/wp-content\/uploads\/insst-200x35.png 200w, https:\/\/masermic.com\/wp-content\/uploads\/insst-400x70.png 400w, https:\/\/masermic.com\/wp-content\/uploads\/insst-600x105.png 600w, https:\/\/masermic.com\/wp-content\/uploads\/insst-800x139.png 800w, https:\/\/masermic.com\/wp-content\/uploads\/insst.png 1022w\" data-sizes=\"auto\" data-orig-sizes=\"(max-width: 850px) 100vw, 1022px\" \/><\/span><\/div><\/div><\/div><\/div><\/div>\n","protected":false},"excerpt":{"rendered":"","protected":false},"author":1,"featured_media":0,"parent":0,"menu_order":6,"comment_status":"closed","ping_status":"closed","template":"100-width.php","meta":{"footnotes":""},"class_list":["post-5055","page","type-page","status-publish","hentry"],"yoast_head":"<!-- This site is optimized with the Yoast SEO plugin v26.8 - https:\/\/yoast.com\/product\/yoast-seo-wordpress\/ -->\n<title>Healthy Company | MASERMIC<\/title>\n<meta name=\"description\" content=\"Masermic takes the Luxembourg Declaration as a reference for good health management of the work team.\" \/>\n<meta name=\"robots\" content=\"index, follow, max-snippet:-1, max-image-preview:large, max-video-preview:-1\" \/>\n<link rel=\"canonical\" href=\"https:\/\/masermic.com\/en\/healthy-company\/\" \/>\n<meta property=\"og:locale\" content=\"en_US\" \/>\n<meta property=\"og:type\" content=\"article\" \/>\n<meta property=\"og:title\" content=\"Healthy Company | MASERMIC\" \/>\n<meta property=\"og:description\" content=\"Masermic takes the Luxembourg Declaration as a reference for good health management of the work team.\" \/>\n<meta property=\"og:url\" content=\"https:\/\/masermic.com\/en\/healthy-company\/\" \/>\n<meta property=\"og:site_name\" content=\"Masermic\" \/>\n<meta property=\"article:modified_time\" content=\"2024-06-10T13:53:11+00:00\" \/>\n<meta name=\"twitter:card\" content=\"summary_large_image\" \/>\n<meta name=\"twitter:label1\" content=\"Est. reading time\" \/>\n\t<meta name=\"twitter:data1\" content=\"1 minute\" \/>\n<script type=\"application\/ld+json\" class=\"yoast-schema-graph\">{\"@context\":\"https:\/\/schema.org\",\"@graph\":[{\"@type\":\"WebPage\",\"@id\":\"https:\/\/masermic.com\/en\/healthy-company\/\",\"url\":\"https:\/\/masermic.com\/en\/healthy-company\/\",\"name\":\"Healthy Company | MASERMIC\",\"isPartOf\":{\"@id\":\"https:\/\/masermic.com\/#website\"},\"datePublished\":\"2024-04-12T09:01:33+00:00\",\"dateModified\":\"2024-06-10T13:53:11+00:00\",\"description\":\"Masermic takes the Luxembourg Declaration as a reference for good health management of the work team.\",\"breadcrumb\":{\"@id\":\"https:\/\/masermic.com\/en\/healthy-company\/#breadcrumb\"},\"inLanguage\":\"en-US\",\"potentialAction\":[{\"@type\":\"ReadAction\",\"target\":[\"https:\/\/masermic.com\/en\/healthy-company\/\"]}]},{\"@type\":\"BreadcrumbList\",\"@id\":\"https:\/\/masermic.com\/en\/healthy-company\/#breadcrumb\",\"itemListElement\":[{\"@type\":\"ListItem\",\"position\":1,\"name\":\"Portada\",\"item\":\"https:\/\/masermic.com\/en\/\"},{\"@type\":\"ListItem\",\"position\":2,\"name\":\"Healthy Company\"}]},{\"@type\":\"WebSite\",\"@id\":\"https:\/\/masermic.com\/#website\",\"url\":\"https:\/\/masermic.com\/\",\"name\":\"Masermic\",\"description\":\"Tecnolog\u00eda electr\u00f3nica y mecatr\u00f3nica\",\"potentialAction\":[{\"@type\":\"SearchAction\",\"target\":{\"@type\":\"EntryPoint\",\"urlTemplate\":\"https:\/\/masermic.com\/?s={search_term_string}\"},\"query-input\":{\"@type\":\"PropertyValueSpecification\",\"valueRequired\":true,\"valueName\":\"search_term_string\"}}],\"inLanguage\":\"en-US\"}]}<\/script>\n<!-- \/ Yoast SEO plugin. -->","yoast_head_json":{"title":"Healthy Company | MASERMIC","description":"Masermic takes the Luxembourg Declaration as a reference for good health management of the work team.","robots":{"index":"index","follow":"follow","max-snippet":"max-snippet:-1","max-image-preview":"max-image-preview:large","max-video-preview":"max-video-preview:-1"},"canonical":"https:\/\/masermic.com\/en\/healthy-company\/","og_locale":"en_US","og_type":"article","og_title":"Healthy Company | MASERMIC","og_description":"Masermic takes the Luxembourg Declaration as a reference for good health management of the work team.","og_url":"https:\/\/masermic.com\/en\/healthy-company\/","og_site_name":"Masermic","article_modified_time":"2024-06-10T13:53:11+00:00","twitter_card":"summary_large_image","twitter_misc":{"Est. reading time":"1 minute"},"schema":{"@context":"https:\/\/schema.org","@graph":[{"@type":"WebPage","@id":"https:\/\/masermic.com\/en\/healthy-company\/","url":"https:\/\/masermic.com\/en\/healthy-company\/","name":"Healthy Company | MASERMIC","isPartOf":{"@id":"https:\/\/masermic.com\/#website"},"datePublished":"2024-04-12T09:01:33+00:00","dateModified":"2024-06-10T13:53:11+00:00","description":"Masermic takes the Luxembourg Declaration as a reference for good health management of the work team.","breadcrumb":{"@id":"https:\/\/masermic.com\/en\/healthy-company\/#breadcrumb"},"inLanguage":"en-US","potentialAction":[{"@type":"ReadAction","target":["https:\/\/masermic.com\/en\/healthy-company\/"]}]},{"@type":"BreadcrumbList","@id":"https:\/\/masermic.com\/en\/healthy-company\/#breadcrumb","itemListElement":[{"@type":"ListItem","position":1,"name":"Portada","item":"https:\/\/masermic.com\/en\/"},{"@type":"ListItem","position":2,"name":"Healthy Company"}]},{"@type":"WebSite","@id":"https:\/\/masermic.com\/#website","url":"https:\/\/masermic.com\/","name":"Masermic","description":"Tecnolog\u00eda electr\u00f3nica y mecatr\u00f3nica","potentialAction":[{"@type":"SearchAction","target":{"@type":"EntryPoint","urlTemplate":"https:\/\/masermic.com\/?s={search_term_string}"},"query-input":{"@type":"PropertyValueSpecification","valueRequired":true,"valueName":"search_term_string"}}],"inLanguage":"en-US"}]}},"_links":{"self":[{"href":"https:\/\/masermic.com\/en\/wp-json\/wp\/v2\/pages\/5055","targetHints":{"allow":["GET"]}}],"collection":[{"href":"https:\/\/masermic.com\/en\/wp-json\/wp\/v2\/pages"}],"about":[{"href":"https:\/\/masermic.com\/en\/wp-json\/wp\/v2\/types\/page"}],"author":[{"embeddable":true,"href":"https:\/\/masermic.com\/en\/wp-json\/wp\/v2\/users\/1"}],"replies":[{"embeddable":true,"href":"https:\/\/masermic.com\/en\/wp-json\/wp\/v2\/comments?post=5055"}],"version-history":[{"count":0,"href":"https:\/\/masermic.com\/en\/wp-json\/wp\/v2\/pages\/5055\/revisions"}],"wp:attachment":[{"href":"https:\/\/masermic.com\/en\/wp-json\/wp\/v2\/media?parent=5055"}],"curies":[{"name":"wp","href":"https:\/\/api.w.org\/{rel}","templated":true}]}}