{"id":5052,"date":"2024-04-12T09:12:55","date_gmt":"2024-04-12T07:12:55","guid":{"rendered":"https:\/\/masermic.com\/rr-hh\/"},"modified":"2024-06-10T15:52:39","modified_gmt":"2024-06-10T13:52:39","slug":"human-resources","status":"publish","type":"page","link":"https:\/\/masermic.com\/en\/human-resources\/","title":{"rendered":"Human Resources"},"content":{"rendered":"<div class=\"fusion-fullwidth fullwidth-box fusion-builder-row-1 fusion-flex-container has-pattern-background has-mask-background nonhundred-percent-fullwidth non-hundred-percent-height-scrolling\" style=\"--awb-border-radius-top-left:0px;--awb-border-radius-top-right:0px;--awb-border-radius-bottom-right:0px;--awb-border-radius-bottom-left:0px;--awb-margin-top:50px;--awb-margin-bottom:60px;--awb-flex-wrap:wrap;\" ><div class=\"fusion-builder-row fusion-row fusion-flex-align-items-flex-start fusion-flex-content-wrap\" style=\"max-width:1372.8px;margin-left: calc(-4% \/ 2 );margin-right: calc(-4% \/ 2 );\"><div class=\"fusion-layout-column fusion_builder_column fusion-builder-column-0 fusion_builder_column_1_1 1_1 fusion-flex-column\" style=\"--awb-bg-size:cover;--awb-width-large:100%;--awb-margin-top-large:0px;--awb-spacing-right-large:1.92%;--awb-margin-bottom-large:0px;--awb-spacing-left-large:1.92%;--awb-width-medium:100%;--awb-order-medium:0;--awb-spacing-right-medium:1.92%;--awb-spacing-left-medium:1.92%;--awb-width-small:100%;--awb-order-small:0;--awb-spacing-right-small:1.92%;--awb-spacing-left-small:1.92%;\"><div class=\"fusion-column-wrapper fusion-column-has-shadow fusion-flex-justify-content-flex-start fusion-content-layout-column\"><div class=\"fusion-text fusion-text-1 fusion-text-no-margin\" style=\"--awb-content-alignment:center;--awb-font-size:19px;--awb-text-transform:capitalize;--awb-text-color:var(--awb-color5);--awb-margin-bottom:0px;\"><p>Continuous Improvement<\/p>\n<\/div><div class=\"fusion-separator\" style=\"align-self: center;margin-left: auto;margin-right: auto;width:100%;max-width:220px;\"><div class=\"fusion-separator-border sep-single sep-dotted\" style=\"--awb-height:20px;--awb-amount:20px;--awb-sep-color:var(--awb-color4);border-color:var(--awb-color4);border-top-width:1px;\"><\/div><\/div><div class=\"fusion-title title fusion-title-1 fusion-sep-none fusion-title-center fusion-title-text fusion-title-size-two\" style=\"--awb-margin-top:20px;\"><h2 class=\"fusion-title-heading title-heading-center\" style=\"margin:0;text-transform:none;\">Masermic&#8217;s evolution is based on its human resources.<\/h2><\/div><div class=\"fusion-text fusion-text-2 fusion-text-no-margin\" style=\"--awb-content-alignment:center;--awb-margin-bottom:60px;\"><p>The status of a technology-based company entails continuous training for our staff. Masermic is interested in hiring proactive individuals with an innovative mindset who see the company as a valid avenue for their technical and personal development, and thereby also contribute effectively to the achievement of the company&#8217;s mission.<\/p>\n<\/div><\/div><\/div><div class=\"fusion-layout-column fusion_builder_column fusion-builder-column-1 fusion_builder_column_1_1 1_1 fusion-flex-column\" style=\"--awb-overflow:hidden;--awb-bg-size:cover;--awb-border-radius:0px 0px 0px 50px;--awb-width-large:100%;--awb-margin-top-large:0px;--awb-spacing-right-large:1.92%;--awb-margin-bottom-large:0px;--awb-spacing-left-large:1.92%;--awb-width-medium:100%;--awb-order-medium:0;--awb-spacing-right-medium:1.92%;--awb-spacing-left-medium:1.92%;--awb-width-small:100%;--awb-order-small:0;--awb-spacing-right-small:1.92%;--awb-spacing-left-small:1.92%;\"><div class=\"fusion-column-wrapper fusion-column-has-shadow fusion-flex-justify-content-flex-start fusion-content-layout-column\"><div class=\"fusion-image-element \" style=\"--awb-aspect-ratio: 100 \/ 50;--awb-object-position:60% 0%;--awb-caption-title-font-family:var(--h2_typography-font-family);--awb-caption-title-font-weight:var(--h2_typography-font-weight);--awb-caption-title-font-style:var(--h2_typography-font-style);--awb-caption-title-size:var(--h2_typography-font-size);--awb-caption-title-transform:var(--h2_typography-text-transform);--awb-caption-title-line-height:var(--h2_typography-line-height);--awb-caption-title-letter-spacing:var(--h2_typography-letter-spacing);\"><span class=\" fusion-imageframe imageframe-none imageframe-1 hover-type-none has-aspect-ratio\"><img decoding=\"async\" width=\"1764\" height=\"936\" src=\"https:\/\/masermic.com\/wp-content\/uploads\/recursos-humanos.jpg\" data-orig-src=\"https:\/\/masermic.com\/wp-content\/uploads\/recursos-humanos.jpg\" class=\"lazyload img-responsive wp-image-5001 img-with-aspect-ratio\" data-parent-fit=\"cover\" data-parent-container=\".fusion-image-element\" alt srcset=\"data:image\/svg+xml,%3Csvg%20xmlns%3D%27http%3A%2F%2Fwww.w3.org%2F2000%2Fsvg%27%20width%3D%271764%27%20height%3D%27936%27%20viewBox%3D%270%200%201764%20936%27%3E%3Crect%20width%3D%271764%27%20height%3D%27936%27%20fill-opacity%3D%220%22%2F%3E%3C%2Fsvg%3E\" data-srcset=\"https:\/\/masermic.com\/wp-content\/uploads\/recursos-humanos-200x106.jpg 200w, https:\/\/masermic.com\/wp-content\/uploads\/recursos-humanos-400x212.jpg 400w, https:\/\/masermic.com\/wp-content\/uploads\/recursos-humanos-600x318.jpg 600w, https:\/\/masermic.com\/wp-content\/uploads\/recursos-humanos-800x424.jpg 800w, https:\/\/masermic.com\/wp-content\/uploads\/recursos-humanos-1200x637.jpg 1200w, https:\/\/masermic.com\/wp-content\/uploads\/recursos-humanos.jpg 1764w\" data-sizes=\"auto\" data-orig-sizes=\"(max-width: 850px) 100vw, 1764px\" \/><\/span><\/div><div style=\"text-align:center;\"><a class=\"fusion-button button-flat fusion-button-default-size button-default fusion-button-default button-1 fusion-button-default-span fusion-button-default-type awb-b-icon-pos-right\" style=\"--button_text_transform:none;--button_margin-top:40px;\" target=\"_self\" data-hover=\"icon_position\" href=\"mailto:info@masermic.com?subject=Curriculum%20Vitae\"><span class=\"fusion-button-text awb-button__text awb-button__text--default\">We would be delighted to receive your CV.<\/span><i class=\"fa-arrow-right fas awb-button__icon awb-button__icon--default button-icon-right\" aria-hidden=\"true\"><\/i><i class=\"fa-arrow-right fas awb-button__icon awb-button__icon--default button-icon-right\" aria-hidden=\"true\"><\/i><\/a><\/div><\/div><\/div><\/div><\/div>\n","protected":false},"excerpt":{"rendered":"","protected":false},"author":1,"featured_media":0,"parent":0,"menu_order":5,"comment_status":"closed","ping_status":"closed","template":"100-width.php","meta":{"footnotes":""},"class_list":["post-5052","page","type-page","status-publish","hentry"],"yoast_head":"<!-- This site is optimized with the Yoast SEO plugin v26.8 - https:\/\/yoast.com\/product\/yoast-seo-wordpress\/ -->\n<title>Human Resources | MASERMIC<\/title>\n<meta name=\"description\" content=\"MASERMIC&#039;s evolution is based on its human resources. If you are interested in being part of our team, send us your C.V.\" \/>\n<meta name=\"robots\" content=\"index, follow, max-snippet:-1, max-image-preview:large, max-video-preview:-1\" \/>\n<link rel=\"canonical\" href=\"https:\/\/masermic.com\/en\/human-resources\/\" \/>\n<meta property=\"og:locale\" content=\"en_US\" \/>\n<meta property=\"og:type\" content=\"article\" \/>\n<meta property=\"og:title\" content=\"Human Resources | MASERMIC\" \/>\n<meta property=\"og:description\" content=\"MASERMIC&#039;s evolution is based on its human resources. If you are interested in being part of our team, send us your C.V.\" \/>\n<meta property=\"og:url\" content=\"https:\/\/masermic.com\/en\/human-resources\/\" \/>\n<meta property=\"og:site_name\" content=\"Masermic\" \/>\n<meta property=\"article:modified_time\" content=\"2024-06-10T13:52:39+00:00\" \/>\n<meta name=\"twitter:card\" content=\"summary_large_image\" \/>\n<meta name=\"twitter:label1\" content=\"Est. reading time\" \/>\n\t<meta name=\"twitter:data1\" content=\"1 minute\" \/>\n<script type=\"application\/ld+json\" class=\"yoast-schema-graph\">{\"@context\":\"https:\/\/schema.org\",\"@graph\":[{\"@type\":\"WebPage\",\"@id\":\"https:\/\/masermic.com\/en\/human-resources\/\",\"url\":\"https:\/\/masermic.com\/en\/human-resources\/\",\"name\":\"Human Resources | MASERMIC\",\"isPartOf\":{\"@id\":\"https:\/\/masermic.com\/#website\"},\"datePublished\":\"2024-04-12T07:12:55+00:00\",\"dateModified\":\"2024-06-10T13:52:39+00:00\",\"description\":\"MASERMIC's evolution is based on its human resources. If you are interested in being part of our team, send us your C.V.\",\"breadcrumb\":{\"@id\":\"https:\/\/masermic.com\/en\/human-resources\/#breadcrumb\"},\"inLanguage\":\"en-US\",\"potentialAction\":[{\"@type\":\"ReadAction\",\"target\":[\"https:\/\/masermic.com\/en\/human-resources\/\"]}]},{\"@type\":\"BreadcrumbList\",\"@id\":\"https:\/\/masermic.com\/en\/human-resources\/#breadcrumb\",\"itemListElement\":[{\"@type\":\"ListItem\",\"position\":1,\"name\":\"Portada\",\"item\":\"https:\/\/masermic.com\/en\/\"},{\"@type\":\"ListItem\",\"position\":2,\"name\":\"Human Resources\"}]},{\"@type\":\"WebSite\",\"@id\":\"https:\/\/masermic.com\/#website\",\"url\":\"https:\/\/masermic.com\/\",\"name\":\"Masermic\",\"description\":\"Tecnolog\u00eda electr\u00f3nica y mecatr\u00f3nica\",\"potentialAction\":[{\"@type\":\"SearchAction\",\"target\":{\"@type\":\"EntryPoint\",\"urlTemplate\":\"https:\/\/masermic.com\/?s={search_term_string}\"},\"query-input\":{\"@type\":\"PropertyValueSpecification\",\"valueRequired\":true,\"valueName\":\"search_term_string\"}}],\"inLanguage\":\"en-US\"}]}<\/script>\n<!-- \/ Yoast SEO plugin. -->","yoast_head_json":{"title":"Human Resources | MASERMIC","description":"MASERMIC's evolution is based on its human resources. If you are interested in being part of our team, send us your C.V.","robots":{"index":"index","follow":"follow","max-snippet":"max-snippet:-1","max-image-preview":"max-image-preview:large","max-video-preview":"max-video-preview:-1"},"canonical":"https:\/\/masermic.com\/en\/human-resources\/","og_locale":"en_US","og_type":"article","og_title":"Human Resources | MASERMIC","og_description":"MASERMIC's evolution is based on its human resources. If you are interested in being part of our team, send us your C.V.","og_url":"https:\/\/masermic.com\/en\/human-resources\/","og_site_name":"Masermic","article_modified_time":"2024-06-10T13:52:39+00:00","twitter_card":"summary_large_image","twitter_misc":{"Est. reading time":"1 minute"},"schema":{"@context":"https:\/\/schema.org","@graph":[{"@type":"WebPage","@id":"https:\/\/masermic.com\/en\/human-resources\/","url":"https:\/\/masermic.com\/en\/human-resources\/","name":"Human Resources | MASERMIC","isPartOf":{"@id":"https:\/\/masermic.com\/#website"},"datePublished":"2024-04-12T07:12:55+00:00","dateModified":"2024-06-10T13:52:39+00:00","description":"MASERMIC's evolution is based on its human resources. If you are interested in being part of our team, send us your C.V.","breadcrumb":{"@id":"https:\/\/masermic.com\/en\/human-resources\/#breadcrumb"},"inLanguage":"en-US","potentialAction":[{"@type":"ReadAction","target":["https:\/\/masermic.com\/en\/human-resources\/"]}]},{"@type":"BreadcrumbList","@id":"https:\/\/masermic.com\/en\/human-resources\/#breadcrumb","itemListElement":[{"@type":"ListItem","position":1,"name":"Portada","item":"https:\/\/masermic.com\/en\/"},{"@type":"ListItem","position":2,"name":"Human Resources"}]},{"@type":"WebSite","@id":"https:\/\/masermic.com\/#website","url":"https:\/\/masermic.com\/","name":"Masermic","description":"Tecnolog\u00eda electr\u00f3nica y mecatr\u00f3nica","potentialAction":[{"@type":"SearchAction","target":{"@type":"EntryPoint","urlTemplate":"https:\/\/masermic.com\/?s={search_term_string}"},"query-input":{"@type":"PropertyValueSpecification","valueRequired":true,"valueName":"search_term_string"}}],"inLanguage":"en-US"}]}},"_links":{"self":[{"href":"https:\/\/masermic.com\/en\/wp-json\/wp\/v2\/pages\/5052","targetHints":{"allow":["GET"]}}],"collection":[{"href":"https:\/\/masermic.com\/en\/wp-json\/wp\/v2\/pages"}],"about":[{"href":"https:\/\/masermic.com\/en\/wp-json\/wp\/v2\/types\/page"}],"author":[{"embeddable":true,"href":"https:\/\/masermic.com\/en\/wp-json\/wp\/v2\/users\/1"}],"replies":[{"embeddable":true,"href":"https:\/\/masermic.com\/en\/wp-json\/wp\/v2\/comments?post=5052"}],"version-history":[{"count":0,"href":"https:\/\/masermic.com\/en\/wp-json\/wp\/v2\/pages\/5052\/revisions"}],"wp:attachment":[{"href":"https:\/\/masermic.com\/en\/wp-json\/wp\/v2\/media?parent=5052"}],"curies":[{"name":"wp","href":"https:\/\/api.w.org\/{rel}","templated":true}]}}