{"id":5050,"date":"2024-04-12T09:59:01","date_gmt":"2024-04-12T07:59:01","guid":{"rendered":"https:\/\/masermic.com\/calidad\/"},"modified":"2025-03-03T16:49:27","modified_gmt":"2025-03-03T15:49:27","slug":"quality","status":"publish","type":"page","link":"https:\/\/masermic.com\/en\/quality\/","title":{"rendered":"Quality"},"content":{"rendered":"<div class=\"fusion-fullwidth fullwidth-box fusion-builder-row-1 fusion-flex-container has-pattern-background has-mask-background nonhundred-percent-fullwidth non-hundred-percent-height-scrolling\" style=\"--awb-border-radius-top-left:0px;--awb-border-radius-top-right:0px;--awb-border-radius-bottom-right:0px;--awb-border-radius-bottom-left:0px;--awb-flex-wrap:wrap;\" ><div class=\"fusion-builder-row fusion-row fusion-flex-align-items-flex-start fusion-flex-content-wrap\" style=\"max-width:1372.8px;margin-left: calc(-4% \/ 2 );margin-right: calc(-4% \/ 2 );\"><div class=\"fusion-layout-column fusion_builder_column fusion-builder-column-0 fusion_builder_column_1_1 1_1 fusion-flex-column\" style=\"--awb-bg-size:cover;--awb-width-large:100%;--awb-margin-top-large:0px;--awb-spacing-right-large:1.92%;--awb-margin-bottom-large:20px;--awb-spacing-left-large:1.92%;--awb-width-medium:100%;--awb-order-medium:0;--awb-spacing-right-medium:1.92%;--awb-spacing-left-medium:1.92%;--awb-width-small:100%;--awb-order-small:0;--awb-spacing-right-small:1.92%;--awb-spacing-left-small:1.92%;\"><div class=\"fusion-column-wrapper fusion-column-has-shadow fusion-flex-justify-content-flex-start fusion-content-layout-column\"><div class=\"fusion-text fusion-text-1\"><p>The Quality Policy of MASERMIC is based on the commitment to Total Quality assumed by the Company&#8217;s Management, to ensure the quality required by our stakeholders and serve as a basis for Continuous Improvement in our Engineering and Industrialization activities of electrical and electronic products for the MOBILITY, and ENERGY, sectors.<\/p>\n<p>MASERMIC&#8217;s Quality Policy is based on the following principles, committed and driven by Senior Management:<\/p>\n<\/div><div class=\"fusion-title title fusion-title-1 fusion-sep-none fusion-title-text fusion-title-size-three\"><h3 class=\"fusion-title-heading title-heading-left\" style=\"margin:0;\">Leadership<\/h3><\/div><div class=\"fusion-text fusion-text-2\"><p>Leadership in promoting the active and responsible involvement of all staff, adequately training and raising awareness for continuous improvement and diligence in corrective actions, while encouraging sharing of information to enhance the quality level of our activities.<\/p>\n<\/div><div class=\"fusion-separator fusion-full-width-sep\" style=\"align-self: center;margin-left: auto;margin-right: auto;margin-top:10px;margin-bottom:10px;width:100%;\"><\/div><div class=\"fusion-title title fusion-title-2 fusion-sep-none fusion-title-text fusion-title-size-three\"><h3 class=\"fusion-title-heading title-heading-left\" style=\"margin:0;\">Customer Satisfaction<\/h3><\/div><div class=\"fusion-text fusion-text-3\"><p>Meeting the needs of customers by offering highly specialized attention tailored to the technological advancement of our products, creating a two-way collaboration and satisfaction bond.<\/p>\n<\/div><div class=\"fusion-separator fusion-full-width-sep\" style=\"align-self: center;margin-left: auto;margin-right: auto;margin-top:10px;margin-bottom:10px;width:100%;\"><\/div><div class=\"fusion-title title fusion-title-3 fusion-sep-none fusion-title-text fusion-title-size-three\"><h3 class=\"fusion-title-heading title-heading-left\" style=\"margin:0;\">Continuous Improvement<\/h3><\/div><div class=\"fusion-text fusion-text-4\"><p>Continuous improvement must positively impact our stakeholders. The process management developed ensures proactive search for improvement opportunities, based on early detection of deviations, with subsequent implementation of Action Plans and high and constant levels of quality. All of this is summarized in:<\/p>\n<\/div><ul style=\"--awb-margin-bottom:30px;--awb-iconcolor:var(--awb-color5);--awb-line-height:27.2px;--awb-icon-width:27.2px;--awb-icon-height:27.2px;--awb-icon-margin:11.2px;--awb-content-margin:38.4px;\" class=\"fusion-checklist fusion-checklist-1 fusion-checklist-default type-icons\"><li class=\"fusion-li-item\" style=\"\"><span class=\"icon-wrapper circle-no\"><i class=\"fusion-li-icon awb-business-long-arrow-alt-right-solid\" aria-hidden=\"true\"><\/i><\/span><div class=\"fusion-li-item-content\">\n<p>Speed and flexibility in responding to the customer<\/p>\n<\/div><\/li><li class=\"fusion-li-item\" style=\"\"><span class=\"icon-wrapper circle-no\"><i class=\"fusion-li-icon awb-business-long-arrow-alt-right-solid\" aria-hidden=\"true\"><\/i><\/span><div class=\"fusion-li-item-content\">\n<p>Efficient processes<\/p>\n<\/div><\/li><li class=\"fusion-li-item\" style=\"\"><span class=\"icon-wrapper circle-no\"><i class=\"fusion-li-icon awb-business-long-arrow-alt-right-solid\" aria-hidden=\"true\"><\/i><\/span><div class=\"fusion-li-item-content\">\n<p>Permanent control to ensure a quick response in case adverse effects of any of the marketed products are detected<\/p>\n<\/div><\/li><\/ul><div class=\"fusion-title title fusion-title-4 fusion-sep-none fusion-title-text fusion-title-size-three\"><h3 class=\"fusion-title-heading title-heading-left\" style=\"margin:0;\">Personal Development<\/h3><\/div><div class=\"fusion-text fusion-text-5\"><p>The human team of MASERMIC is essential, and their personal satisfaction is a factor of great relevance that must be considered as a way to satisfy the customer. Their commitment is vital to achieving the set objectives, and therefore, motivation is fostered through continuous training and a development plan that results in professional and reliable service.<\/p>\n<p>Since November 28, 2017, MASERMIC adheres to the &#8216;Luxembourg Declaration,&#8217; committing to integrating the basic principles of Workplace Health Promotion (WHP) into the health management of its workers.<\/p>\n<\/div><div class=\"fusion-separator fusion-full-width-sep\" style=\"align-self: center;margin-left: auto;margin-right: auto;margin-top:10px;margin-bottom:10px;width:100%;\"><\/div><div class=\"fusion-title title fusion-title-5 fusion-sep-none fusion-title-text fusion-title-size-three\"><h3 class=\"fusion-title-heading title-heading-left\" style=\"margin:0;\">Communication<\/h3><\/div><div class=\"fusion-text fusion-text-6\"><p>Establishing communication levels, as well as its content or scope. It is a fundamental tool for obtaining staff involvement and maintaining their motivation.<\/p>\n<\/div><div class=\"fusion-separator fusion-full-width-sep\" style=\"align-self: center;margin-left: auto;margin-right: auto;margin-top:25px;margin-bottom:25px;width:100%;\"><\/div><div class=\"fusion-text fusion-text-7\"><p>Senior Management energizes and promotes the necessary means for the development of this Quality Policy, as well as reviewing it annually and adapting it to possible changes in the organization&#8217;s context.<\/p>\n<p>They sign this policy and undertake to maintain and make its content accessible to the general public.<\/p>\n<\/div><div style=\"text-align:center;\"><a class=\"fusion-button button-flat fusion-button-default-size button-default fusion-button-default button-1 fusion-button-default-span fusion-button-default-type\" style=\"--button_text_transform:none;--button_margin-top:40px;\" target=\"_blank\" rel=\"noopener noreferrer\" data-hover=\"icon_slide\" href=\"https:\/\/masermic.com\/wp-content\/uploads\/Quality-certificate.pdf\"><span class=\"fusion-button-text awb-button__text awb-button__text--default\">Download Quality Certificate<\/span><i class=\"fa-file-pdf fas awb-button__icon awb-button__icon--default button-icon-right\" aria-hidden=\"true\"><\/i><\/a><\/div><\/div><\/div><\/div><\/div>\n","protected":false},"excerpt":{"rendered":"","protected":false},"author":1,"featured_media":0,"parent":0,"menu_order":4,"comment_status":"closed","ping_status":"closed","template":"100-width.php","meta":{"footnotes":""},"class_list":["post-5050","page","type-page","status-publish","hentry"],"yoast_head":"<!-- This site is optimized with the Yoast SEO plugin v26.8 - https:\/\/yoast.com\/product\/yoast-seo-wordpress\/ -->\n<title>MASERMIC Quality Policy<\/title>\n<meta name=\"description\" content=\"Learn about the Quality Policy of the Masermic company based on the total commitment assumed by the company. ISO 9001:2015.\" \/>\n<meta name=\"robots\" content=\"index, follow, max-snippet:-1, max-image-preview:large, max-video-preview:-1\" \/>\n<link rel=\"canonical\" href=\"https:\/\/masermic.com\/en\/quality\/\" \/>\n<meta property=\"og:locale\" content=\"en_US\" \/>\n<meta property=\"og:type\" content=\"article\" \/>\n<meta property=\"og:title\" content=\"MASERMIC Quality Policy\" \/>\n<meta property=\"og:description\" content=\"Learn about the Quality Policy of the Masermic company based on the total commitment assumed by the company. ISO 9001:2015.\" \/>\n<meta property=\"og:url\" content=\"https:\/\/masermic.com\/en\/quality\/\" \/>\n<meta property=\"og:site_name\" content=\"Masermic\" \/>\n<meta property=\"article:modified_time\" content=\"2025-03-03T15:49:27+00:00\" \/>\n<meta name=\"twitter:card\" content=\"summary_large_image\" \/>\n<meta name=\"twitter:label1\" content=\"Est. reading time\" \/>\n\t<meta name=\"twitter:data1\" content=\"2 minutes\" \/>\n<script type=\"application\/ld+json\" class=\"yoast-schema-graph\">{\"@context\":\"https:\/\/schema.org\",\"@graph\":[{\"@type\":\"WebPage\",\"@id\":\"https:\/\/masermic.com\/en\/quality\/\",\"url\":\"https:\/\/masermic.com\/en\/quality\/\",\"name\":\"MASERMIC Quality Policy\",\"isPartOf\":{\"@id\":\"https:\/\/masermic.com\/#website\"},\"datePublished\":\"2024-04-12T07:59:01+00:00\",\"dateModified\":\"2025-03-03T15:49:27+00:00\",\"description\":\"Learn about the Quality Policy of the Masermic company based on the total commitment assumed by the company. ISO 9001:2015.\",\"breadcrumb\":{\"@id\":\"https:\/\/masermic.com\/en\/quality\/#breadcrumb\"},\"inLanguage\":\"en-US\",\"potentialAction\":[{\"@type\":\"ReadAction\",\"target\":[\"https:\/\/masermic.com\/en\/quality\/\"]}]},{\"@type\":\"BreadcrumbList\",\"@id\":\"https:\/\/masermic.com\/en\/quality\/#breadcrumb\",\"itemListElement\":[{\"@type\":\"ListItem\",\"position\":1,\"name\":\"Portada\",\"item\":\"https:\/\/masermic.com\/en\/\"},{\"@type\":\"ListItem\",\"position\":2,\"name\":\"Quality\"}]},{\"@type\":\"WebSite\",\"@id\":\"https:\/\/masermic.com\/#website\",\"url\":\"https:\/\/masermic.com\/\",\"name\":\"Masermic\",\"description\":\"Tecnolog\u00eda electr\u00f3nica y mecatr\u00f3nica\",\"potentialAction\":[{\"@type\":\"SearchAction\",\"target\":{\"@type\":\"EntryPoint\",\"urlTemplate\":\"https:\/\/masermic.com\/?s={search_term_string}\"},\"query-input\":{\"@type\":\"PropertyValueSpecification\",\"valueRequired\":true,\"valueName\":\"search_term_string\"}}],\"inLanguage\":\"en-US\"}]}<\/script>\n<!-- \/ Yoast SEO plugin. -->","yoast_head_json":{"title":"MASERMIC Quality Policy","description":"Learn about the Quality Policy of the Masermic company based on the total commitment assumed by the company. ISO 9001:2015.","robots":{"index":"index","follow":"follow","max-snippet":"max-snippet:-1","max-image-preview":"max-image-preview:large","max-video-preview":"max-video-preview:-1"},"canonical":"https:\/\/masermic.com\/en\/quality\/","og_locale":"en_US","og_type":"article","og_title":"MASERMIC Quality Policy","og_description":"Learn about the Quality Policy of the Masermic company based on the total commitment assumed by the company. ISO 9001:2015.","og_url":"https:\/\/masermic.com\/en\/quality\/","og_site_name":"Masermic","article_modified_time":"2025-03-03T15:49:27+00:00","twitter_card":"summary_large_image","twitter_misc":{"Est. reading time":"2 minutes"},"schema":{"@context":"https:\/\/schema.org","@graph":[{"@type":"WebPage","@id":"https:\/\/masermic.com\/en\/quality\/","url":"https:\/\/masermic.com\/en\/quality\/","name":"MASERMIC Quality Policy","isPartOf":{"@id":"https:\/\/masermic.com\/#website"},"datePublished":"2024-04-12T07:59:01+00:00","dateModified":"2025-03-03T15:49:27+00:00","description":"Learn about the Quality Policy of the Masermic company based on the total commitment assumed by the company. ISO 9001:2015.","breadcrumb":{"@id":"https:\/\/masermic.com\/en\/quality\/#breadcrumb"},"inLanguage":"en-US","potentialAction":[{"@type":"ReadAction","target":["https:\/\/masermic.com\/en\/quality\/"]}]},{"@type":"BreadcrumbList","@id":"https:\/\/masermic.com\/en\/quality\/#breadcrumb","itemListElement":[{"@type":"ListItem","position":1,"name":"Portada","item":"https:\/\/masermic.com\/en\/"},{"@type":"ListItem","position":2,"name":"Quality"}]},{"@type":"WebSite","@id":"https:\/\/masermic.com\/#website","url":"https:\/\/masermic.com\/","name":"Masermic","description":"Tecnolog\u00eda electr\u00f3nica y mecatr\u00f3nica","potentialAction":[{"@type":"SearchAction","target":{"@type":"EntryPoint","urlTemplate":"https:\/\/masermic.com\/?s={search_term_string}"},"query-input":{"@type":"PropertyValueSpecification","valueRequired":true,"valueName":"search_term_string"}}],"inLanguage":"en-US"}]}},"_links":{"self":[{"href":"https:\/\/masermic.com\/en\/wp-json\/wp\/v2\/pages\/5050","targetHints":{"allow":["GET"]}}],"collection":[{"href":"https:\/\/masermic.com\/en\/wp-json\/wp\/v2\/pages"}],"about":[{"href":"https:\/\/masermic.com\/en\/wp-json\/wp\/v2\/types\/page"}],"author":[{"embeddable":true,"href":"https:\/\/masermic.com\/en\/wp-json\/wp\/v2\/users\/1"}],"replies":[{"embeddable":true,"href":"https:\/\/masermic.com\/en\/wp-json\/wp\/v2\/comments?post=5050"}],"version-history":[{"count":0,"href":"https:\/\/masermic.com\/en\/wp-json\/wp\/v2\/pages\/5050\/revisions"}],"wp:attachment":[{"href":"https:\/\/masermic.com\/en\/wp-json\/wp\/v2\/media?parent=5050"}],"curies":[{"name":"wp","href":"https:\/\/api.w.org\/{rel}","templated":true}]}}