{"id":5048,"date":"2024-04-09T15:57:44","date_gmt":"2024-04-09T13:57:44","guid":{"rendered":"https:\/\/masermic.com\/proyectos\/"},"modified":"2024-06-10T15:50:57","modified_gmt":"2024-06-10T13:50:57","slug":"research-development-projects","status":"publish","type":"page","link":"https:\/\/masermic.com\/en\/research-development-projects\/","title":{"rendered":"R&#038;D Projects"},"content":{"rendered":"<p><div class=\"fusion-fullwidth fullwidth-box fusion-builder-row-1 fusion-flex-container has-pattern-background has-mask-background nonhundred-percent-fullwidth non-hundred-percent-height-scrolling\" style=\"--awb-border-radius-top-left:0px;--awb-border-radius-top-right:0px;--awb-border-radius-bottom-right:0px;--awb-border-radius-bottom-left:0px;--awb-flex-wrap:wrap;\" ><div class=\"fusion-builder-row fusion-row fusion-flex-align-items-flex-start fusion-flex-content-wrap\" style=\"max-width:1372.8px;margin-left: calc(-4% \/ 2 );margin-right: calc(-4% \/ 2 );\"><div class=\"fusion-layout-column fusion_builder_column fusion-builder-column-0 fusion_builder_column_1_1 1_1 fusion-flex-column\" style=\"--awb-bg-size:cover;--awb-width-large:100%;--awb-margin-top-large:0px;--awb-spacing-right-large:1.92%;--awb-margin-bottom-large:20px;--awb-spacing-left-large:1.92%;--awb-width-medium:100%;--awb-order-medium:0;--awb-spacing-right-medium:1.92%;--awb-spacing-left-medium:1.92%;--awb-width-small:100%;--awb-order-small:0;--awb-spacing-right-small:1.92%;--awb-spacing-left-small:1.92%;\"><div class=\"fusion-column-wrapper fusion-column-has-shadow fusion-flex-justify-content-flex-start fusion-content-layout-column\"><div class=\"fusion-text fusion-text-1\"><p>At Masermic, RDI takes on great relevance in the company&#8217;s strategy as a lever for competitive and sustainable development of its activity in the international context.<\/p>\n<p>Innovation is a strategic tool aimed at generating value for its customers, offering solutions that contribute efficiently, sustainably, and safely to progress. This is why we promote innovation constantly and systematically, establishing a culture that stimulates creativity and the transformation of ideas into new products.<\/p>\n<\/div><div class=\"fusion-separator fusion-full-width-sep\" style=\"align-self: center;margin-left: auto;margin-right: auto;margin-top:50px;width:100%;\"><\/div><div class=\"fusion-builder-row fusion-builder-row-inner fusion-row fusion-flex-align-items-flex-start fusion-flex-content-wrap\" style=\"width:104% !important;max-width:104% !important;margin-left: calc(-4% \/ 2 );margin-right: calc(-4% \/ 2 );\"><div class=\"fusion-layout-column fusion_builder_column_inner fusion-builder-nested-column-0 fusion_builder_column_inner_1_3 1_3 fusion-flex-column\" style=\"--awb-bg-size:cover;--awb-width-large:33.333333333333%;--awb-margin-top-large:0px;--awb-spacing-right-large:5.76%;--awb-margin-bottom-large:20px;--awb-spacing-left-large:5.76%;--awb-width-medium:33.333333333333%;--awb-order-medium:0;--awb-spacing-right-medium:5.76%;--awb-spacing-left-medium:5.76%;--awb-width-small:100%;--awb-order-small:0;--awb-spacing-right-small:1.92%;--awb-spacing-left-small:1.92%;\"><div class=\"fusion-column-wrapper fusion-column-has-shadow fusion-flex-justify-content-flex-start fusion-content-layout-column\"><div class=\"fusion-image-element \" style=\"--awb-liftup-border-radius:0px;--awb-caption-text-transform:none;--awb-caption-overlay-color:var(--awb-color8);--awb-caption-margin-top:20px;--awb-caption-title-font-family:var(--h2_typography-font-family);--awb-caption-title-font-weight:var(--h2_typography-font-weight);--awb-caption-title-font-style:var(--h2_typography-font-style);--awb-caption-title-size:24px;--awb-caption-title-transform:none;--awb-caption-title-line-height:var(--h2_typography-line-height);--awb-caption-title-letter-spacing:var(--h2_typography-letter-spacing);\"><div class=\"awb-image-frame awb-image-frame-1\"><span class=\" fusion-imageframe imageframe-none imageframe-1 awb-imageframe-style awb-imageframe-style-resa\"><a class=\"fusion-no-lightbox\" href=\"https:\/\/masermic.com\/en\/project\/airports\" target=\"_self\"><img decoding=\"async\" width=\"1100\" height=\"772\" src=\"https:\/\/masermic.com\/wp-content\/uploads\/proyecto-airports.jpg\" data-orig-src=\"https:\/\/masermic.com\/wp-content\/uploads\/proyecto-airports.jpg\" alt class=\"lazyload img-responsive wp-image-5020\" srcset=\"data:image\/svg+xml,%3Csvg%20xmlns%3D%27http%3A%2F%2Fwww.w3.org%2F2000%2Fsvg%27%20width%3D%271100%27%20height%3D%27772%27%20viewBox%3D%270%200%201100%20772%27%3E%3Crect%20width%3D%271100%27%20height%3D%27772%27%20fill-opacity%3D%220%22%2F%3E%3C%2Fsvg%3E\" data-srcset=\"https:\/\/masermic.com\/wp-content\/uploads\/proyecto-airports-200x140.jpg 200w, https:\/\/masermic.com\/wp-content\/uploads\/proyecto-airports-400x281.jpg 400w, https:\/\/masermic.com\/wp-content\/uploads\/proyecto-airports-600x421.jpg 600w, https:\/\/masermic.com\/wp-content\/uploads\/proyecto-airports-800x561.jpg 800w, https:\/\/masermic.com\/wp-content\/uploads\/proyecto-airports.jpg 1100w\" data-sizes=\"auto\" data-orig-sizes=\"(max-width: 850px) 100vw, 400px\" \/><div class=\"awb-imageframe-caption-container\"><div class=\"awb-imageframe-caption\"><h2 class=\"awb-imageframe-caption-title\">Airports<\/h2><p class=\"awb-imageframe-caption-text\">More info<\/p><\/div><\/div><\/a><\/span><\/div><\/div><\/div><\/div><div class=\"fusion-layout-column fusion_builder_column_inner fusion-builder-nested-column-1 fusion_builder_column_inner_1_3 1_3 fusion-flex-column\" style=\"--awb-bg-size:cover;--awb-width-large:33.333333333333%;--awb-margin-top-large:0px;--awb-spacing-right-large:5.76%;--awb-margin-bottom-large:20px;--awb-spacing-left-large:5.76%;--awb-width-medium:33.333333333333%;--awb-order-medium:0;--awb-spacing-right-medium:5.76%;--awb-spacing-left-medium:5.76%;--awb-width-small:100%;--awb-order-small:0;--awb-spacing-right-small:1.92%;--awb-spacing-left-small:1.92%;\"><div class=\"fusion-column-wrapper fusion-column-has-shadow fusion-flex-justify-content-flex-start fusion-content-layout-column\"><div class=\"fusion-image-element \" style=\"--awb-caption-text-transform:none;--awb-caption-overlay-color:var(--awb-color8);--awb-caption-margin-top:20px;--awb-caption-title-font-family:var(--h2_typography-font-family);--awb-caption-title-font-weight:var(--h2_typography-font-weight);--awb-caption-title-font-style:var(--h2_typography-font-style);--awb-caption-title-size:24px;--awb-caption-title-transform:none;--awb-caption-title-line-height:var(--h2_typography-line-height);--awb-caption-title-letter-spacing:var(--h2_typography-letter-spacing);\"><span class=\" fusion-imageframe imageframe-none imageframe-2 awb-imageframe-style awb-imageframe-style-resa\"><a class=\"fusion-no-lightbox\" href=\"https:\/\/masermic.com\/en\/project\/enable-s3\" target=\"_self\"><img decoding=\"async\" width=\"1100\" height=\"772\" src=\"https:\/\/masermic.com\/wp-content\/uploads\/proyecto-enable-s3.jpg\" data-orig-src=\"https:\/\/masermic.com\/wp-content\/uploads\/proyecto-enable-s3.jpg\" alt class=\"lazyload img-responsive wp-image-5019\" srcset=\"data:image\/svg+xml,%3Csvg%20xmlns%3D%27http%3A%2F%2Fwww.w3.org%2F2000%2Fsvg%27%20width%3D%271100%27%20height%3D%27772%27%20viewBox%3D%270%200%201100%20772%27%3E%3Crect%20width%3D%271100%27%20height%3D%27772%27%20fill-opacity%3D%220%22%2F%3E%3C%2Fsvg%3E\" data-srcset=\"https:\/\/masermic.com\/wp-content\/uploads\/proyecto-enable-s3-200x140.jpg 200w, https:\/\/masermic.com\/wp-content\/uploads\/proyecto-enable-s3-400x281.jpg 400w, https:\/\/masermic.com\/wp-content\/uploads\/proyecto-enable-s3-600x421.jpg 600w, https:\/\/masermic.com\/wp-content\/uploads\/proyecto-enable-s3-800x561.jpg 800w, https:\/\/masermic.com\/wp-content\/uploads\/proyecto-enable-s3.jpg 1100w\" data-sizes=\"auto\" data-orig-sizes=\"(max-width: 850px) 100vw, 400px\" \/><div class=\"awb-imageframe-caption-container\"><div class=\"awb-imageframe-caption\"><h2 class=\"awb-imageframe-caption-title\">Enable-S3<\/h2><p class=\"awb-imageframe-caption-text\">More info<\/p><\/div><\/div><\/a><\/span><\/div><\/div><\/div><div class=\"fusion-layout-column fusion_builder_column_inner fusion-builder-nested-column-2 fusion_builder_column_inner_1_3 1_3 fusion-flex-column\" style=\"--awb-bg-size:cover;--awb-width-large:33.333333333333%;--awb-margin-top-large:0px;--awb-spacing-right-large:5.76%;--awb-margin-bottom-large:20px;--awb-spacing-left-large:5.76%;--awb-width-medium:33.333333333333%;--awb-order-medium:0;--awb-spacing-right-medium:5.76%;--awb-spacing-left-medium:5.76%;--awb-width-small:100%;--awb-order-small:0;--awb-spacing-right-small:1.92%;--awb-spacing-left-small:1.92%;\"><div class=\"fusion-column-wrapper fusion-column-has-shadow fusion-flex-justify-content-flex-start fusion-content-layout-column\"><div class=\"fusion-image-element \" style=\"--awb-caption-text-transform:none;--awb-caption-overlay-color:var(--awb-color8);--awb-caption-margin-top:20px;--awb-caption-title-font-family:var(--h2_typography-font-family);--awb-caption-title-font-weight:var(--h2_typography-font-weight);--awb-caption-title-font-style:var(--h2_typography-font-style);--awb-caption-title-size:24px;--awb-caption-title-transform:none;--awb-caption-title-line-height:var(--h2_typography-line-height);--awb-caption-title-letter-spacing:var(--h2_typography-letter-spacing);\"><span class=\" fusion-imageframe imageframe-none imageframe-3 awb-imageframe-style awb-imageframe-style-resa\"><a class=\"fusion-no-lightbox\" href=\"https:\/\/masermic.com\/en\/project\/autodrive\" target=\"_self\"><img decoding=\"async\" width=\"1100\" height=\"772\" src=\"https:\/\/masermic.com\/wp-content\/uploads\/proyecto-autodrive.jpg\" data-orig-src=\"https:\/\/masermic.com\/wp-content\/uploads\/proyecto-autodrive.jpg\" alt class=\"lazyload img-responsive wp-image-5021\" srcset=\"data:image\/svg+xml,%3Csvg%20xmlns%3D%27http%3A%2F%2Fwww.w3.org%2F2000%2Fsvg%27%20width%3D%271100%27%20height%3D%27772%27%20viewBox%3D%270%200%201100%20772%27%3E%3Crect%20width%3D%271100%27%20height%3D%27772%27%20fill-opacity%3D%220%22%2F%3E%3C%2Fsvg%3E\" data-srcset=\"https:\/\/masermic.com\/wp-content\/uploads\/proyecto-autodrive-200x140.jpg 200w, https:\/\/masermic.com\/wp-content\/uploads\/proyecto-autodrive-400x281.jpg 400w, https:\/\/masermic.com\/wp-content\/uploads\/proyecto-autodrive-600x421.jpg 600w, https:\/\/masermic.com\/wp-content\/uploads\/proyecto-autodrive-800x561.jpg 800w, https:\/\/masermic.com\/wp-content\/uploads\/proyecto-autodrive.jpg 1100w\" data-sizes=\"auto\" data-orig-sizes=\"(max-width: 850px) 100vw, 400px\" \/><div class=\"awb-imageframe-caption-container\"><div class=\"awb-imageframe-caption\"><h2 class=\"awb-imageframe-caption-title\">Autodrive<\/h2><p class=\"awb-imageframe-caption-text\">More info<\/p><\/div><\/div><\/a><\/span><\/div><\/div><\/div><\/div><\/div><\/div><\/div><\/div><div class=\"fusion-fullwidth fullwidth-box fusion-builder-row-2 fusion-flex-container has-pattern-background has-mask-background nonhundred-percent-fullwidth non-hundred-percent-height-scrolling\" style=\"--awb-border-radius-top-left:0px;--awb-border-radius-top-right:0px;--awb-border-radius-bottom-right:0px;--awb-border-radius-bottom-left:0px;--awb-flex-wrap:wrap;\" ><div class=\"fusion-builder-row fusion-row fusion-flex-align-items-flex-start fusion-flex-justify-content-center fusion-flex-content-wrap\" style=\"max-width:1372.8px;margin-left: calc(-4% \/ 2 );margin-right: calc(-4% \/ 2 );\"><div class=\"fusion-layout-column fusion_builder_column fusion-builder-column-1 fusion_builder_column_2_3 2_3 fusion-flex-column\" style=\"--awb-bg-size:cover;--awb-width-large:66.666666666667%;--awb-margin-top-large:0px;--awb-spacing-right-large:2.88%;--awb-margin-bottom-large:20px;--awb-spacing-left-large:2.88%;--awb-width-medium:66.666666666667%;--awb-order-medium:0;--awb-spacing-right-medium:2.88%;--awb-spacing-left-medium:2.88%;--awb-width-small:100%;--awb-order-small:0;--awb-spacing-right-small:1.92%;--awb-spacing-left-small:1.92%;\"><div class=\"fusion-column-wrapper fusion-column-has-shadow fusion-flex-justify-content-flex-start fusion-content-layout-column\"><div class=\"fusion-builder-row fusion-builder-row-inner fusion-row fusion-flex-align-items-flex-start fusion-flex-justify-content-center fusion-flex-content-wrap\" style=\"width:104% !important;max-width:104% !important;margin-left: calc(-4% \/ 2 );margin-right: calc(-4% \/ 2 );\"><div class=\"fusion-layout-column fusion_builder_column_inner fusion-builder-nested-column-3 fusion_builder_column_inner_1_2 1_2 fusion-flex-column\" style=\"--awb-bg-size:cover;--awb-width-large:50%;--awb-margin-top-large:0px;--awb-spacing-right-large:3.84%;--awb-margin-bottom-large:20px;--awb-spacing-left-large:3.84%;--awb-width-medium:50%;--awb-order-medium:0;--awb-spacing-right-medium:3.84%;--awb-spacing-left-medium:3.84%;--awb-width-small:100%;--awb-order-small:0;--awb-spacing-right-small:1.92%;--awb-spacing-left-small:1.92%;\"><div class=\"fusion-column-wrapper fusion-column-has-shadow fusion-flex-justify-content-flex-start fusion-content-layout-column\"><div class=\"fusion-image-element \" style=\"--awb-caption-text-transform:none;--awb-caption-overlay-color:var(--awb-color8);--awb-caption-margin-top:20px;--awb-caption-title-font-family:var(--h2_typography-font-family);--awb-caption-title-font-weight:var(--h2_typography-font-weight);--awb-caption-title-font-style:var(--h2_typography-font-style);--awb-caption-title-size:24px;--awb-caption-title-transform:none;--awb-caption-title-line-height:var(--h2_typography-line-height);--awb-caption-title-letter-spacing:var(--h2_typography-letter-spacing);\"><span class=\" fusion-imageframe imageframe-none imageframe-4 awb-imageframe-style awb-imageframe-style-resa\"><a class=\"fusion-no-lightbox\" href=\"https:\/\/masermic.com\/en\/project\/adasys\" target=\"_self\"><img decoding=\"async\" width=\"1100\" height=\"772\" src=\"https:\/\/masermic.com\/wp-content\/uploads\/proyecto-adasys.jpg\" data-orig-src=\"https:\/\/masermic.com\/wp-content\/uploads\/proyecto-adasys.jpg\" alt class=\"lazyload img-responsive wp-image-5022\" srcset=\"data:image\/svg+xml,%3Csvg%20xmlns%3D%27http%3A%2F%2Fwww.w3.org%2F2000%2Fsvg%27%20width%3D%271100%27%20height%3D%27772%27%20viewBox%3D%270%200%201100%20772%27%3E%3Crect%20width%3D%271100%27%20height%3D%27772%27%20fill-opacity%3D%220%22%2F%3E%3C%2Fsvg%3E\" data-srcset=\"https:\/\/masermic.com\/wp-content\/uploads\/proyecto-adasys-200x140.jpg 200w, https:\/\/masermic.com\/wp-content\/uploads\/proyecto-adasys-400x281.jpg 400w, https:\/\/masermic.com\/wp-content\/uploads\/proyecto-adasys-600x421.jpg 600w, https:\/\/masermic.com\/wp-content\/uploads\/proyecto-adasys-800x561.jpg 800w, https:\/\/masermic.com\/wp-content\/uploads\/proyecto-adasys.jpg 1100w\" data-sizes=\"auto\" data-orig-sizes=\"(max-width: 850px) 100vw, 800px\" \/><div class=\"awb-imageframe-caption-container\"><div class=\"awb-imageframe-caption\"><h2 class=\"awb-imageframe-caption-title\">Adasys<\/h2><p class=\"awb-imageframe-caption-text\">More info<\/p><\/div><\/div><\/a><\/span><\/div><\/div><\/div><div class=\"fusion-layout-column fusion_builder_column_inner fusion-builder-nested-column-4 fusion_builder_column_inner_1_2 1_2 fusion-flex-column\" style=\"--awb-bg-size:cover;--awb-width-large:50%;--awb-margin-top-large:0px;--awb-spacing-right-large:3.84%;--awb-margin-bottom-large:20px;--awb-spacing-left-large:3.84%;--awb-width-medium:50%;--awb-order-medium:0;--awb-spacing-right-medium:3.84%;--awb-spacing-left-medium:3.84%;--awb-width-small:100%;--awb-order-small:0;--awb-spacing-right-small:1.92%;--awb-spacing-left-small:1.92%;\"><div class=\"fusion-column-wrapper fusion-column-has-shadow fusion-flex-justify-content-flex-start fusion-content-layout-column\"><div class=\"fusion-image-element \" style=\"--awb-caption-text-transform:none;--awb-caption-overlay-color:var(--awb-color8);--awb-caption-margin-top:20px;--awb-caption-title-font-family:var(--h2_typography-font-family);--awb-caption-title-font-weight:var(--h2_typography-font-weight);--awb-caption-title-font-style:var(--h2_typography-font-style);--awb-caption-title-size:24px;--awb-caption-title-transform:none;--awb-caption-title-line-height:var(--h2_typography-line-height);--awb-caption-title-letter-spacing:var(--h2_typography-letter-spacing);\"><span class=\" fusion-imageframe imageframe-none imageframe-5 awb-imageframe-style awb-imageframe-style-resa\"><a class=\"fusion-no-lightbox\" href=\"https:\/\/masermic.com\/en\/project\/emovlab\" target=\"_self\"><img decoding=\"async\" width=\"1100\" height=\"772\" src=\"https:\/\/masermic.com\/wp-content\/uploads\/proyecto-emovlab.jpg\" data-orig-src=\"https:\/\/masermic.com\/wp-content\/uploads\/proyecto-emovlab.jpg\" alt class=\"lazyload img-responsive wp-image-5023\" srcset=\"data:image\/svg+xml,%3Csvg%20xmlns%3D%27http%3A%2F%2Fwww.w3.org%2F2000%2Fsvg%27%20width%3D%271100%27%20height%3D%27772%27%20viewBox%3D%270%200%201100%20772%27%3E%3Crect%20width%3D%271100%27%20height%3D%27772%27%20fill-opacity%3D%220%22%2F%3E%3C%2Fsvg%3E\" data-srcset=\"https:\/\/masermic.com\/wp-content\/uploads\/proyecto-emovlab-200x140.jpg 200w, https:\/\/masermic.com\/wp-content\/uploads\/proyecto-emovlab-400x281.jpg 400w, https:\/\/masermic.com\/wp-content\/uploads\/proyecto-emovlab-600x421.jpg 600w, https:\/\/masermic.com\/wp-content\/uploads\/proyecto-emovlab-800x561.jpg 800w, https:\/\/masermic.com\/wp-content\/uploads\/proyecto-emovlab.jpg 1100w\" data-sizes=\"auto\" data-orig-sizes=\"(max-width: 850px) 100vw, 800px\" \/><div class=\"awb-imageframe-caption-container\"><div class=\"awb-imageframe-caption\"><h2 class=\"awb-imageframe-caption-title\">Emovlab<\/h2><p class=\"awb-imageframe-caption-text\">More info<\/p><\/div><\/div><\/a><\/span><\/div><\/div><\/div><\/div><\/div><\/div><\/div><\/div><\/p>\n","protected":false},"excerpt":{"rendered":"","protected":false},"author":1,"featured_media":0,"parent":0,"menu_order":3,"comment_status":"closed","ping_status":"closed","template":"100-width.php","meta":{"footnotes":""},"class_list":["post-5048","page","type-page","status-publish","hentry"],"yoast_head":"<!-- This site is optimized with the Yoast SEO plugin v26.8 - https:\/\/yoast.com\/product\/yoast-seo-wordpress\/ -->\n<title>R&amp;D Projects of Electronic Products<\/title>\n<meta name=\"description\" content=\"At Masermic, R&amp;D takes on great importance in the company&#039;s strategy as a lever for the competitive and sustainable development of its activity in the international context.\" \/>\n<meta name=\"robots\" content=\"index, follow, max-snippet:-1, max-image-preview:large, max-video-preview:-1\" \/>\n<link rel=\"canonical\" href=\"https:\/\/masermic.com\/en\/research-development-projects\/\" \/>\n<meta property=\"og:locale\" content=\"en_US\" \/>\n<meta property=\"og:type\" content=\"article\" \/>\n<meta property=\"og:title\" content=\"R&amp;D Projects of Electronic Products\" \/>\n<meta property=\"og:description\" content=\"At Masermic, R&amp;D takes on great importance in the company&#039;s strategy as a lever for the competitive and sustainable development of its activity in the international context.\" \/>\n<meta property=\"og:url\" content=\"https:\/\/masermic.com\/en\/research-development-projects\/\" \/>\n<meta property=\"og:site_name\" content=\"Masermic\" \/>\n<meta property=\"article:modified_time\" content=\"2024-06-10T13:50:57+00:00\" \/>\n<meta name=\"twitter:card\" content=\"summary_large_image\" \/>\n<meta name=\"twitter:label1\" content=\"Est. reading time\" \/>\n\t<meta name=\"twitter:data1\" content=\"2 minutes\" \/>\n<script type=\"application\/ld+json\" class=\"yoast-schema-graph\">{\"@context\":\"https:\/\/schema.org\",\"@graph\":[{\"@type\":\"WebPage\",\"@id\":\"https:\/\/masermic.com\/en\/research-development-projects\/\",\"url\":\"https:\/\/masermic.com\/en\/research-development-projects\/\",\"name\":\"R&D Projects of Electronic Products\",\"isPartOf\":{\"@id\":\"https:\/\/masermic.com\/#website\"},\"datePublished\":\"2024-04-09T13:57:44+00:00\",\"dateModified\":\"2024-06-10T13:50:57+00:00\",\"description\":\"At Masermic, R&D takes on great importance in the company's strategy as a lever for the competitive and sustainable development of its activity in the international context.\",\"breadcrumb\":{\"@id\":\"https:\/\/masermic.com\/en\/research-development-projects\/#breadcrumb\"},\"inLanguage\":\"en-US\",\"potentialAction\":[{\"@type\":\"ReadAction\",\"target\":[\"https:\/\/masermic.com\/en\/research-development-projects\/\"]}]},{\"@type\":\"BreadcrumbList\",\"@id\":\"https:\/\/masermic.com\/en\/research-development-projects\/#breadcrumb\",\"itemListElement\":[{\"@type\":\"ListItem\",\"position\":1,\"name\":\"Portada\",\"item\":\"https:\/\/masermic.com\/en\/\"},{\"@type\":\"ListItem\",\"position\":2,\"name\":\"R&#038;D Projects\"}]},{\"@type\":\"WebSite\",\"@id\":\"https:\/\/masermic.com\/#website\",\"url\":\"https:\/\/masermic.com\/\",\"name\":\"Masermic\",\"description\":\"Tecnolog\u00eda electr\u00f3nica y mecatr\u00f3nica\",\"potentialAction\":[{\"@type\":\"SearchAction\",\"target\":{\"@type\":\"EntryPoint\",\"urlTemplate\":\"https:\/\/masermic.com\/?s={search_term_string}\"},\"query-input\":{\"@type\":\"PropertyValueSpecification\",\"valueRequired\":true,\"valueName\":\"search_term_string\"}}],\"inLanguage\":\"en-US\"}]}<\/script>\n<!-- \/ Yoast SEO plugin. -->","yoast_head_json":{"title":"R&D Projects of Electronic Products","description":"At Masermic, R&D takes on great importance in the company's strategy as a lever for the competitive and sustainable development of its activity in the international context.","robots":{"index":"index","follow":"follow","max-snippet":"max-snippet:-1","max-image-preview":"max-image-preview:large","max-video-preview":"max-video-preview:-1"},"canonical":"https:\/\/masermic.com\/en\/research-development-projects\/","og_locale":"en_US","og_type":"article","og_title":"R&D Projects of Electronic Products","og_description":"At Masermic, R&D takes on great importance in the company's strategy as a lever for the competitive and sustainable development of its activity in the international context.","og_url":"https:\/\/masermic.com\/en\/research-development-projects\/","og_site_name":"Masermic","article_modified_time":"2024-06-10T13:50:57+00:00","twitter_card":"summary_large_image","twitter_misc":{"Est. reading time":"2 minutes"},"schema":{"@context":"https:\/\/schema.org","@graph":[{"@type":"WebPage","@id":"https:\/\/masermic.com\/en\/research-development-projects\/","url":"https:\/\/masermic.com\/en\/research-development-projects\/","name":"R&D Projects of Electronic Products","isPartOf":{"@id":"https:\/\/masermic.com\/#website"},"datePublished":"2024-04-09T13:57:44+00:00","dateModified":"2024-06-10T13:50:57+00:00","description":"At Masermic, R&D takes on great importance in the company's strategy as a lever for the competitive and sustainable development of its activity in the international context.","breadcrumb":{"@id":"https:\/\/masermic.com\/en\/research-development-projects\/#breadcrumb"},"inLanguage":"en-US","potentialAction":[{"@type":"ReadAction","target":["https:\/\/masermic.com\/en\/research-development-projects\/"]}]},{"@type":"BreadcrumbList","@id":"https:\/\/masermic.com\/en\/research-development-projects\/#breadcrumb","itemListElement":[{"@type":"ListItem","position":1,"name":"Portada","item":"https:\/\/masermic.com\/en\/"},{"@type":"ListItem","position":2,"name":"R&#038;D Projects"}]},{"@type":"WebSite","@id":"https:\/\/masermic.com\/#website","url":"https:\/\/masermic.com\/","name":"Masermic","description":"Tecnolog\u00eda electr\u00f3nica y mecatr\u00f3nica","potentialAction":[{"@type":"SearchAction","target":{"@type":"EntryPoint","urlTemplate":"https:\/\/masermic.com\/?s={search_term_string}"},"query-input":{"@type":"PropertyValueSpecification","valueRequired":true,"valueName":"search_term_string"}}],"inLanguage":"en-US"}]}},"_links":{"self":[{"href":"https:\/\/masermic.com\/en\/wp-json\/wp\/v2\/pages\/5048","targetHints":{"allow":["GET"]}}],"collection":[{"href":"https:\/\/masermic.com\/en\/wp-json\/wp\/v2\/pages"}],"about":[{"href":"https:\/\/masermic.com\/en\/wp-json\/wp\/v2\/types\/page"}],"author":[{"embeddable":true,"href":"https:\/\/masermic.com\/en\/wp-json\/wp\/v2\/users\/1"}],"replies":[{"embeddable":true,"href":"https:\/\/masermic.com\/en\/wp-json\/wp\/v2\/comments?post=5048"}],"version-history":[{"count":0,"href":"https:\/\/masermic.com\/en\/wp-json\/wp\/v2\/pages\/5048\/revisions"}],"wp:attachment":[{"href":"https:\/\/masermic.com\/en\/wp-json\/wp\/v2\/media?parent=5048"}],"curies":[{"name":"wp","href":"https:\/\/api.w.org\/{rel}","templated":true}]}}